{"id":1037,"date":"2025-04-22T10:34:51","date_gmt":"2025-04-22T07:34:51","guid":{"rendered":"https:\/\/kraana.ee\/?page_id=1037"},"modified":"2025-04-22T10:41:33","modified_gmt":"2025-04-22T07:41:33","slug":"ekv-juhtpohimotted","status":"publish","type":"page","link":"https:\/\/kraana.ee\/en\/ekv-juhtpohimotted\/","title":{"rendered":"Eesti Kraanavabriku juhtp\u00f5him\u00f5tted"},"content":{"rendered":"","protected":false},"excerpt":{"rendered":"","protected":false},"author":2,"featured_media":0,"parent":0,"menu_order":0,"comment_status":"closed","ping_status":"closed","template":"","meta":{"_acf_changed":false,"footnotes":""},"class_list":["post-1037","page","type-page","status-publish","hentry"],"acf":[],"yoast_head":"<!-- This site is optimized with the Yoast SEO plugin v27.0 - https:\/\/yoast.com\/product\/yoast-seo-wordpress\/ -->\n<title>Eesti Kraanavabriku juhtp\u00f5him\u00f5tted - Eesti Kraanavabrik<\/title>\n<meta name=\"description\" content=\"kvaliteedi-, t\u00f6\u00f6tervishoiu- ja t\u00f6\u00f6ohutus- ning keskkonnaalased juhtp\u00f5him\u00f5tted m\u00fc\u00fcgitoodete valmistamisel ja muude teenuste osutamisel\" \/>\n<meta name=\"robots\" content=\"index, follow, max-snippet:-1, max-image-preview:large, max-video-preview:-1\" \/>\n<link rel=\"canonical\" href=\"https:\/\/kraana.ee\/en\/ekv-juhtpohimotted\/\" \/>\n<meta property=\"og:locale\" content=\"en_US\" \/>\n<meta property=\"og:type\" content=\"article\" \/>\n<meta property=\"og:title\" content=\"Eesti Kraanavabriku juhtp\u00f5him\u00f5tted - Eesti Kraanavabrik\" \/>\n<meta property=\"og:description\" content=\"kvaliteedi-, t\u00f6\u00f6tervishoiu- ja t\u00f6\u00f6ohutus- ning keskkonnaalased juhtp\u00f5him\u00f5tted m\u00fc\u00fcgitoodete valmistamisel ja muude teenuste osutamisel\" \/>\n<meta property=\"og:url\" content=\"https:\/\/kraana.ee\/en\/ekv-juhtpohimotted\/\" \/>\n<meta property=\"og:site_name\" content=\"Eesti Kraanavabrik\" \/>\n<meta property=\"article:publisher\" content=\"https:\/\/www.facebook.com\/eestikraanavabrik\" \/>\n<meta property=\"article:modified_time\" content=\"2025-04-22T07:41:33+00:00\" \/>\n<meta name=\"twitter:card\" content=\"summary_large_image\" \/>\n<script type=\"application\/ld+json\" class=\"yoast-schema-graph\">{\"@context\":\"https:\/\/schema.org\",\"@graph\":[{\"@type\":\"WebPage\",\"@id\":\"https:\/\/kraana.ee\/en\/ekv-juhtpohimotted\/\",\"url\":\"https:\/\/kraana.ee\/en\/ekv-juhtpohimotted\/\",\"name\":\"Eesti Kraanavabriku juhtp\u00f5him\u00f5tted - Eesti Kraanavabrik\",\"isPartOf\":{\"@id\":\"https:\/\/kraana.ee\/en\/#website\"},\"datePublished\":\"2025-04-22T07:34:51+00:00\",\"dateModified\":\"2025-04-22T07:41:33+00:00\",\"description\":\"kvaliteedi-, t\u00f6\u00f6tervishoiu- ja t\u00f6\u00f6ohutus- ning keskkonnaalased juhtp\u00f5him\u00f5tted m\u00fc\u00fcgitoodete valmistamisel ja muude teenuste osutamisel\",\"breadcrumb\":{\"@id\":\"https:\/\/kraana.ee\/en\/ekv-juhtpohimotted\/#breadcrumb\"},\"inLanguage\":\"en-US\",\"potentialAction\":[{\"@type\":\"ReadAction\",\"target\":[\"https:\/\/kraana.ee\/en\/ekv-juhtpohimotted\/\"]}]},{\"@type\":\"BreadcrumbList\",\"@id\":\"https:\/\/kraana.ee\/en\/ekv-juhtpohimotted\/#breadcrumb\",\"itemListElement\":[{\"@type\":\"ListItem\",\"position\":1,\"name\":\"Home\",\"item\":\"https:\/\/kraana.ee\/en\/\"},{\"@type\":\"ListItem\",\"position\":2,\"name\":\"Eesti Kraanavabriku juhtp\u00f5him\u00f5tted\"}]},{\"@type\":\"WebSite\",\"@id\":\"https:\/\/kraana.ee\/en\/#website\",\"url\":\"https:\/\/kraana.ee\/en\/\",\"name\":\"Eesti Kraanavabrik\",\"description\":\"Pakume oma klientidele lisaks standardlahendustele ka spetsiaalselt kliendivajadustele disainitud t\u00f5steseadmeid ja -s\u00fcsteeme\",\"potentialAction\":[{\"@type\":\"SearchAction\",\"target\":{\"@type\":\"EntryPoint\",\"urlTemplate\":\"https:\/\/kraana.ee\/en\/?s={search_term_string}\"},\"query-input\":{\"@type\":\"PropertyValueSpecification\",\"valueRequired\":true,\"valueName\":\"search_term_string\"}}],\"inLanguage\":\"en-US\"}]}<\/script>\n<!-- \/ Yoast SEO plugin. -->","yoast_head_json":{"title":"Eesti Kraanavabriku juhtp\u00f5him\u00f5tted - Eesti Kraanavabrik","description":"kvaliteedi-, t\u00f6\u00f6tervishoiu- ja t\u00f6\u00f6ohutus- ning keskkonnaalased juhtp\u00f5him\u00f5tted m\u00fc\u00fcgitoodete valmistamisel ja muude teenuste osutamisel","robots":{"index":"index","follow":"follow","max-snippet":"max-snippet:-1","max-image-preview":"max-image-preview:large","max-video-preview":"max-video-preview:-1"},"canonical":"https:\/\/kraana.ee\/en\/ekv-juhtpohimotted\/","og_locale":"en_US","og_type":"article","og_title":"Eesti Kraanavabriku juhtp\u00f5him\u00f5tted - Eesti Kraanavabrik","og_description":"kvaliteedi-, t\u00f6\u00f6tervishoiu- ja t\u00f6\u00f6ohutus- ning keskkonnaalased juhtp\u00f5him\u00f5tted m\u00fc\u00fcgitoodete valmistamisel ja muude teenuste osutamisel","og_url":"https:\/\/kraana.ee\/en\/ekv-juhtpohimotted\/","og_site_name":"Eesti Kraanavabrik","article_publisher":"https:\/\/www.facebook.com\/eestikraanavabrik","article_modified_time":"2025-04-22T07:41:33+00:00","twitter_card":"summary_large_image","schema":{"@context":"https:\/\/schema.org","@graph":[{"@type":"WebPage","@id":"https:\/\/kraana.ee\/en\/ekv-juhtpohimotted\/","url":"https:\/\/kraana.ee\/en\/ekv-juhtpohimotted\/","name":"Eesti Kraanavabriku juhtp\u00f5him\u00f5tted - Eesti Kraanavabrik","isPartOf":{"@id":"https:\/\/kraana.ee\/en\/#website"},"datePublished":"2025-04-22T07:34:51+00:00","dateModified":"2025-04-22T07:41:33+00:00","description":"kvaliteedi-, t\u00f6\u00f6tervishoiu- ja t\u00f6\u00f6ohutus- ning keskkonnaalased juhtp\u00f5him\u00f5tted m\u00fc\u00fcgitoodete valmistamisel ja muude teenuste osutamisel","breadcrumb":{"@id":"https:\/\/kraana.ee\/en\/ekv-juhtpohimotted\/#breadcrumb"},"inLanguage":"en-US","potentialAction":[{"@type":"ReadAction","target":["https:\/\/kraana.ee\/en\/ekv-juhtpohimotted\/"]}]},{"@type":"BreadcrumbList","@id":"https:\/\/kraana.ee\/en\/ekv-juhtpohimotted\/#breadcrumb","itemListElement":[{"@type":"ListItem","position":1,"name":"Home","item":"https:\/\/kraana.ee\/en\/"},{"@type":"ListItem","position":2,"name":"Eesti Kraanavabriku juhtp\u00f5him\u00f5tted"}]},{"@type":"WebSite","@id":"https:\/\/kraana.ee\/en\/#website","url":"https:\/\/kraana.ee\/en\/","name":"Eesti Kraanavabrik","description":"Pakume oma klientidele lisaks standardlahendustele ka spetsiaalselt kliendivajadustele disainitud t\u00f5steseadmeid ja -s\u00fcsteeme","potentialAction":[{"@type":"SearchAction","target":{"@type":"EntryPoint","urlTemplate":"https:\/\/kraana.ee\/en\/?s={search_term_string}"},"query-input":{"@type":"PropertyValueSpecification","valueRequired":true,"valueName":"search_term_string"}}],"inLanguage":"en-US"}]}},"_links":{"self":[{"href":"https:\/\/kraana.ee\/en\/wp-json\/wp\/v2\/pages\/1037","targetHints":{"allow":["GET"]}}],"collection":[{"href":"https:\/\/kraana.ee\/en\/wp-json\/wp\/v2\/pages"}],"about":[{"href":"https:\/\/kraana.ee\/en\/wp-json\/wp\/v2\/types\/page"}],"author":[{"embeddable":true,"href":"https:\/\/kraana.ee\/en\/wp-json\/wp\/v2\/users\/2"}],"replies":[{"embeddable":true,"href":"https:\/\/kraana.ee\/en\/wp-json\/wp\/v2\/comments?post=1037"}],"version-history":[{"count":4,"href":"https:\/\/kraana.ee\/en\/wp-json\/wp\/v2\/pages\/1037\/revisions"}],"predecessor-version":[{"id":1044,"href":"https:\/\/kraana.ee\/en\/wp-json\/wp\/v2\/pages\/1037\/revisions\/1044"}],"wp:attachment":[{"href":"https:\/\/kraana.ee\/en\/wp-json\/wp\/v2\/media?parent=1037"}],"curies":[{"name":"wp","href":"https:\/\/api.w.org\/{rel}","templated":true}]}}