{"id":89,"date":"2019-04-30T09:42:56","date_gmt":"2019-04-30T06:42:56","guid":{"rendered":"https:\/\/kraana.ee\/?page_id=89"},"modified":"2026-03-31T08:22:27","modified_gmt":"2026-03-31T05:22:27","slug":"kontaktid","status":"publish","type":"page","link":"https:\/\/kraana.ee\/en\/kontaktid\/","title":{"rendered":"Kontaktid"},"content":{"rendered":"\n<div class=\"wp-block-columns has-2-columns is-layout-flex wp-container-core-columns-is-layout-9d6595d7 wp-block-columns-is-layout-flex\">\n<div class=\"wp-block-column is-layout-flow wp-block-column-is-layout-flow\">\n<h3 class=\"wp-block-heading\"><strong>O\u00dc Eesti Kraanavabrik<\/strong><\/h3>\n\n\n\n<p>Paljassaare p\u00f5ik 13<br>10313 Tallinn, Eesti<\/p>\n\n\n\n<p>\u00dcldtelefon: +372 6 755 070<br>E-post: <a href=\"mailto:kraana@kraana.ee\">kraana@kraana.ee<\/a><\/p>\n<\/div>\n\n\n\n<div class=\"wp-block-column is-layout-flow wp-block-column-is-layout-flow\">\n<iframe loading=\"lazy\" src=\"https:\/\/www.google.com\/maps\/embed?pb=!1m18!1m12!1m3!1d2031.8150212649577!2d24.642543616074626!3d59.38611378167876!2m3!1f0!2f0!3f0!3m2!1i1024!2i768!4f13.1!3m3!1m2!1s0x469295a317a4ccf3%3A0x47cb53b2125e45cf!2sEesti+Kraanavabrik+O%C3%9C!5e0!3m2!1sen!2see!4v1556627910236!5m2!1sen!2see\" style=\"border:0\" allowfullscreen=\"\" width=\"100%\" height=\"250\" frameborder=\"0\"><\/iframe>\n<\/div>\n<\/div>\n","protected":false},"excerpt":{"rendered":"<p>O\u00dc Eesti Kraanavabrik Paljassaare p\u00f5ik 1310313 Tallinn, Eesti \u00dcldtelefon: +372 6 755 070E-post: kraana@kraana.ee<\/p>\n","protected":false},"author":3,"featured_media":0,"parent":0,"menu_order":50,"comment_status":"closed","ping_status":"closed","template":"","meta":{"_acf_changed":false,"footnotes":""},"class_list":["post-89","page","type-page","status-publish","hentry"],"acf":[],"yoast_head":"<!-- This site is optimized with the Yoast SEO plugin v27.0 - https:\/\/yoast.com\/product\/yoast-seo-wordpress\/ -->\n<title>Kontaktid - Eesti Kraanavabrik<\/title>\n<meta name=\"robots\" content=\"index, follow, max-snippet:-1, max-image-preview:large, max-video-preview:-1\" \/>\n<link rel=\"canonical\" href=\"https:\/\/kraana.ee\/en\/kontaktid\/\" \/>\n<meta property=\"og:locale\" content=\"en_US\" \/>\n<meta property=\"og:type\" content=\"article\" \/>\n<meta property=\"og:title\" content=\"Kontaktid - Eesti Kraanavabrik\" \/>\n<meta property=\"og:description\" content=\"O\u00dc Eesti Kraanavabrik Paljassaare p\u00f5ik 1310313 Tallinn, Eesti \u00dcldtelefon: +372 6 755 070E-post: kraana@kraana.ee\" \/>\n<meta property=\"og:url\" content=\"https:\/\/kraana.ee\/en\/kontaktid\/\" \/>\n<meta property=\"og:site_name\" content=\"Eesti Kraanavabrik\" \/>\n<meta property=\"article:publisher\" content=\"https:\/\/www.facebook.com\/eestikraanavabrik\" \/>\n<meta property=\"article:modified_time\" content=\"2026-03-31T05:22:27+00:00\" \/>\n<meta name=\"twitter:card\" content=\"summary_large_image\" \/>\n<meta name=\"twitter:label1\" content=\"Est. reading time\" \/>\n\t<meta name=\"twitter:data1\" content=\"1 minute\" \/>\n<script type=\"application\/ld+json\" class=\"yoast-schema-graph\">{\"@context\":\"https:\/\/schema.org\",\"@graph\":[{\"@type\":\"WebPage\",\"@id\":\"https:\/\/kraana.ee\/en\/kontaktid\/\",\"url\":\"https:\/\/kraana.ee\/en\/kontaktid\/\",\"name\":\"Kontaktid - Eesti Kraanavabrik\",\"isPartOf\":{\"@id\":\"https:\/\/kraana.ee\/en\/#website\"},\"datePublished\":\"2019-04-30T06:42:56+00:00\",\"dateModified\":\"2026-03-31T05:22:27+00:00\",\"breadcrumb\":{\"@id\":\"https:\/\/kraana.ee\/en\/kontaktid\/#breadcrumb\"},\"inLanguage\":\"en-US\",\"potentialAction\":[{\"@type\":\"ReadAction\",\"target\":[\"https:\/\/kraana.ee\/en\/kontaktid\/\"]}]},{\"@type\":\"BreadcrumbList\",\"@id\":\"https:\/\/kraana.ee\/en\/kontaktid\/#breadcrumb\",\"itemListElement\":[{\"@type\":\"ListItem\",\"position\":1,\"name\":\"Home\",\"item\":\"https:\/\/kraana.ee\/en\/\"},{\"@type\":\"ListItem\",\"position\":2,\"name\":\"Kontaktid\"}]},{\"@type\":\"WebSite\",\"@id\":\"https:\/\/kraana.ee\/en\/#website\",\"url\":\"https:\/\/kraana.ee\/en\/\",\"name\":\"Eesti Kraanavabrik\",\"description\":\"Pakume oma klientidele lisaks standardlahendustele ka spetsiaalselt kliendivajadustele disainitud t\u00f5steseadmeid ja -s\u00fcsteeme\",\"potentialAction\":[{\"@type\":\"SearchAction\",\"target\":{\"@type\":\"EntryPoint\",\"urlTemplate\":\"https:\/\/kraana.ee\/en\/?s={search_term_string}\"},\"query-input\":{\"@type\":\"PropertyValueSpecification\",\"valueRequired\":true,\"valueName\":\"search_term_string\"}}],\"inLanguage\":\"en-US\"}]}<\/script>\n<!-- \/ Yoast SEO plugin. -->","yoast_head_json":{"title":"Kontaktid - Eesti Kraanavabrik","robots":{"index":"index","follow":"follow","max-snippet":"max-snippet:-1","max-image-preview":"max-image-preview:large","max-video-preview":"max-video-preview:-1"},"canonical":"https:\/\/kraana.ee\/en\/kontaktid\/","og_locale":"en_US","og_type":"article","og_title":"Kontaktid - Eesti Kraanavabrik","og_description":"O\u00dc Eesti Kraanavabrik Paljassaare p\u00f5ik 1310313 Tallinn, Eesti \u00dcldtelefon: +372 6 755 070E-post: kraana@kraana.ee","og_url":"https:\/\/kraana.ee\/en\/kontaktid\/","og_site_name":"Eesti Kraanavabrik","article_publisher":"https:\/\/www.facebook.com\/eestikraanavabrik","article_modified_time":"2026-03-31T05:22:27+00:00","twitter_card":"summary_large_image","twitter_misc":{"Est. reading time":"1 minute"},"schema":{"@context":"https:\/\/schema.org","@graph":[{"@type":"WebPage","@id":"https:\/\/kraana.ee\/en\/kontaktid\/","url":"https:\/\/kraana.ee\/en\/kontaktid\/","name":"Kontaktid - Eesti Kraanavabrik","isPartOf":{"@id":"https:\/\/kraana.ee\/en\/#website"},"datePublished":"2019-04-30T06:42:56+00:00","dateModified":"2026-03-31T05:22:27+00:00","breadcrumb":{"@id":"https:\/\/kraana.ee\/en\/kontaktid\/#breadcrumb"},"inLanguage":"en-US","potentialAction":[{"@type":"ReadAction","target":["https:\/\/kraana.ee\/en\/kontaktid\/"]}]},{"@type":"BreadcrumbList","@id":"https:\/\/kraana.ee\/en\/kontaktid\/#breadcrumb","itemListElement":[{"@type":"ListItem","position":1,"name":"Home","item":"https:\/\/kraana.ee\/en\/"},{"@type":"ListItem","position":2,"name":"Kontaktid"}]},{"@type":"WebSite","@id":"https:\/\/kraana.ee\/en\/#website","url":"https:\/\/kraana.ee\/en\/","name":"Eesti Kraanavabrik","description":"Pakume oma klientidele lisaks standardlahendustele ka spetsiaalselt kliendivajadustele disainitud t\u00f5steseadmeid ja -s\u00fcsteeme","potentialAction":[{"@type":"SearchAction","target":{"@type":"EntryPoint","urlTemplate":"https:\/\/kraana.ee\/en\/?s={search_term_string}"},"query-input":{"@type":"PropertyValueSpecification","valueRequired":true,"valueName":"search_term_string"}}],"inLanguage":"en-US"}]}},"_links":{"self":[{"href":"https:\/\/kraana.ee\/en\/wp-json\/wp\/v2\/pages\/89","targetHints":{"allow":["GET"]}}],"collection":[{"href":"https:\/\/kraana.ee\/en\/wp-json\/wp\/v2\/pages"}],"about":[{"href":"https:\/\/kraana.ee\/en\/wp-json\/wp\/v2\/types\/page"}],"author":[{"embeddable":true,"href":"https:\/\/kraana.ee\/en\/wp-json\/wp\/v2\/users\/3"}],"replies":[{"embeddable":true,"href":"https:\/\/kraana.ee\/en\/wp-json\/wp\/v2\/comments?post=89"}],"version-history":[{"count":14,"href":"https:\/\/kraana.ee\/en\/wp-json\/wp\/v2\/pages\/89\/revisions"}],"predecessor-version":[{"id":1140,"href":"https:\/\/kraana.ee\/en\/wp-json\/wp\/v2\/pages\/89\/revisions\/1140"}],"wp:attachment":[{"href":"https:\/\/kraana.ee\/en\/wp-json\/wp\/v2\/media?parent=89"}],"curies":[{"name":"wp","href":"https:\/\/api.w.org\/{rel}","templated":true}]}}