{"id":802,"date":"2021-10-20T15:15:22","date_gmt":"2021-10-20T12:15:22","guid":{"rendered":"https:\/\/kraana.ee\/?page_id=802"},"modified":"2024-07-19T10:23:57","modified_gmt":"2024-07-19T07:23:57","slug":"ekv-paigaldustingimused","status":"publish","type":"page","link":"https:\/\/kraana.ee\/ru\/ekv-paigaldustingimused\/","title":{"rendered":"Eesti Kraanavabriku paigalduseeskiri"},"content":{"rendered":"","protected":false},"excerpt":{"rendered":"","protected":false},"author":3,"featured_media":0,"parent":0,"menu_order":0,"comment_status":"closed","ping_status":"closed","template":"","meta":{"_acf_changed":false,"footnotes":""},"class_list":["post-802","page","type-page","status-publish","hentry"],"acf":[],"yoast_head":"<!-- This site is optimized with the Yoast SEO plugin v27.0 - https:\/\/yoast.com\/product\/yoast-seo-wordpress\/ -->\n<title>Eesti Kraanavabriku paigalduseeskiri - Eesti Kraanavabrik<\/title>\n<meta name=\"description\" content=\"O\u00dc Eesti Kraanavabriku t\u00f6\u00f6stuskraanade ja t\u00f5steseadmete paigaldamise ja kasutamisele eelneva tehnilise kontrolli \u00fcldised eeskirjad\" \/>\n<meta name=\"robots\" content=\"noindex, follow\" \/>\n<meta property=\"og:locale\" content=\"ru_RU\" \/>\n<meta property=\"og:type\" content=\"article\" \/>\n<meta property=\"og:title\" content=\"Eesti Kraanavabriku paigalduseeskiri - Eesti Kraanavabrik\" \/>\n<meta property=\"og:description\" content=\"O\u00dc Eesti Kraanavabriku t\u00f6\u00f6stuskraanade ja t\u00f5steseadmete paigaldamise ja kasutamisele eelneva tehnilise kontrolli \u00fcldised eeskirjad\" \/>\n<meta property=\"og:url\" content=\"https:\/\/kraana.ee\/ru\/ekv-paigaldustingimused\/\" \/>\n<meta property=\"og:site_name\" content=\"Eesti Kraanavabrik\" \/>\n<meta property=\"article:publisher\" content=\"https:\/\/www.facebook.com\/eestikraanavabrik\" \/>\n<meta property=\"article:modified_time\" content=\"2024-07-19T07:23:57+00:00\" \/>\n<meta name=\"twitter:card\" content=\"summary_large_image\" \/>\n<script type=\"application\/ld+json\" class=\"yoast-schema-graph\">{\"@context\":\"https:\/\/schema.org\",\"@graph\":[{\"@type\":\"WebPage\",\"@id\":\"https:\/\/kraana.ee\/ru\/ekv-paigaldustingimused\/\",\"url\":\"https:\/\/kraana.ee\/ru\/ekv-paigaldustingimused\/\",\"name\":\"Eesti Kraanavabriku paigalduseeskiri - Eesti Kraanavabrik\",\"isPartOf\":{\"@id\":\"https:\/\/kraana.ee\/ru\/#website\"},\"datePublished\":\"2021-10-20T12:15:22+00:00\",\"dateModified\":\"2024-07-19T07:23:57+00:00\",\"description\":\"O\u00dc Eesti Kraanavabriku t\u00f6\u00f6stuskraanade ja t\u00f5steseadmete paigaldamise ja kasutamisele eelneva tehnilise kontrolli \u00fcldised eeskirjad\",\"breadcrumb\":{\"@id\":\"https:\/\/kraana.ee\/ru\/ekv-paigaldustingimused\/#breadcrumb\"},\"inLanguage\":\"ru-RU\",\"potentialAction\":[{\"@type\":\"ReadAction\",\"target\":[\"https:\/\/kraana.ee\/ru\/ekv-paigaldustingimused\/\"]}]},{\"@type\":\"BreadcrumbList\",\"@id\":\"https:\/\/kraana.ee\/ru\/ekv-paigaldustingimused\/#breadcrumb\",\"itemListElement\":[{\"@type\":\"ListItem\",\"position\":1,\"name\":\"Home\",\"item\":\"https:\/\/kraana.ee\/ru\/\"},{\"@type\":\"ListItem\",\"position\":2,\"name\":\"Eesti Kraanavabriku paigalduseeskiri\"}]},{\"@type\":\"WebSite\",\"@id\":\"https:\/\/kraana.ee\/ru\/#website\",\"url\":\"https:\/\/kraana.ee\/ru\/\",\"name\":\"Eesti Kraanavabrik\",\"description\":\"Pakume oma klientidele lisaks standardlahendustele ka spetsiaalselt kliendivajadustele disainitud t\u00f5steseadmeid ja -s\u00fcsteeme\",\"potentialAction\":[{\"@type\":\"SearchAction\",\"target\":{\"@type\":\"EntryPoint\",\"urlTemplate\":\"https:\/\/kraana.ee\/ru\/?s={search_term_string}\"},\"query-input\":{\"@type\":\"PropertyValueSpecification\",\"valueRequired\":true,\"valueName\":\"search_term_string\"}}],\"inLanguage\":\"ru-RU\"}]}<\/script>\n<!-- \/ Yoast SEO plugin. -->","yoast_head_json":{"title":"Eesti Kraanavabriku paigalduseeskiri - Eesti Kraanavabrik","description":"O\u00dc Eesti Kraanavabriku t\u00f6\u00f6stuskraanade ja t\u00f5steseadmete paigaldamise ja kasutamisele eelneva tehnilise kontrolli \u00fcldised eeskirjad","robots":{"index":"noindex","follow":"follow"},"og_locale":"ru_RU","og_type":"article","og_title":"Eesti Kraanavabriku paigalduseeskiri - Eesti Kraanavabrik","og_description":"O\u00dc Eesti Kraanavabriku t\u00f6\u00f6stuskraanade ja t\u00f5steseadmete paigaldamise ja kasutamisele eelneva tehnilise kontrolli \u00fcldised eeskirjad","og_url":"https:\/\/kraana.ee\/ru\/ekv-paigaldustingimused\/","og_site_name":"Eesti Kraanavabrik","article_publisher":"https:\/\/www.facebook.com\/eestikraanavabrik","article_modified_time":"2024-07-19T07:23:57+00:00","twitter_card":"summary_large_image","schema":{"@context":"https:\/\/schema.org","@graph":[{"@type":"WebPage","@id":"https:\/\/kraana.ee\/ru\/ekv-paigaldustingimused\/","url":"https:\/\/kraana.ee\/ru\/ekv-paigaldustingimused\/","name":"Eesti Kraanavabriku paigalduseeskiri - Eesti Kraanavabrik","isPartOf":{"@id":"https:\/\/kraana.ee\/ru\/#website"},"datePublished":"2021-10-20T12:15:22+00:00","dateModified":"2024-07-19T07:23:57+00:00","description":"O\u00dc Eesti Kraanavabriku t\u00f6\u00f6stuskraanade ja t\u00f5steseadmete paigaldamise ja kasutamisele eelneva tehnilise kontrolli \u00fcldised eeskirjad","breadcrumb":{"@id":"https:\/\/kraana.ee\/ru\/ekv-paigaldustingimused\/#breadcrumb"},"inLanguage":"ru-RU","potentialAction":[{"@type":"ReadAction","target":["https:\/\/kraana.ee\/ru\/ekv-paigaldustingimused\/"]}]},{"@type":"BreadcrumbList","@id":"https:\/\/kraana.ee\/ru\/ekv-paigaldustingimused\/#breadcrumb","itemListElement":[{"@type":"ListItem","position":1,"name":"Home","item":"https:\/\/kraana.ee\/ru\/"},{"@type":"ListItem","position":2,"name":"Eesti Kraanavabriku paigalduseeskiri"}]},{"@type":"WebSite","@id":"https:\/\/kraana.ee\/ru\/#website","url":"https:\/\/kraana.ee\/ru\/","name":"Eesti Kraanavabrik","description":"Pakume oma klientidele lisaks standardlahendustele ka spetsiaalselt kliendivajadustele disainitud t\u00f5steseadmeid ja -s\u00fcsteeme","potentialAction":[{"@type":"SearchAction","target":{"@type":"EntryPoint","urlTemplate":"https:\/\/kraana.ee\/ru\/?s={search_term_string}"},"query-input":{"@type":"PropertyValueSpecification","valueRequired":true,"valueName":"search_term_string"}}],"inLanguage":"ru-RU"}]}},"_links":{"self":[{"href":"https:\/\/kraana.ee\/ru\/wp-json\/wp\/v2\/pages\/802","targetHints":{"allow":["GET"]}}],"collection":[{"href":"https:\/\/kraana.ee\/ru\/wp-json\/wp\/v2\/pages"}],"about":[{"href":"https:\/\/kraana.ee\/ru\/wp-json\/wp\/v2\/types\/page"}],"author":[{"embeddable":true,"href":"https:\/\/kraana.ee\/ru\/wp-json\/wp\/v2\/users\/3"}],"replies":[{"embeddable":true,"href":"https:\/\/kraana.ee\/ru\/wp-json\/wp\/v2\/comments?post=802"}],"version-history":[{"count":8,"href":"https:\/\/kraana.ee\/ru\/wp-json\/wp\/v2\/pages\/802\/revisions"}],"predecessor-version":[{"id":998,"href":"https:\/\/kraana.ee\/ru\/wp-json\/wp\/v2\/pages\/802\/revisions\/998"}],"wp:attachment":[{"href":"https:\/\/kraana.ee\/ru\/wp-json\/wp\/v2\/media?parent=802"}],"curies":[{"name":"wp","href":"https:\/\/api.w.org\/{rel}","templated":true}]}}